{"id":6144,"date":"2023-03-13T21:29:09","date_gmt":"2023-03-13T21:29:09","guid":{"rendered":"http:\/\/innovis.dev8.kancl.goodsailors.cz\/?page_id=6144"},"modified":"2024-02-14T08:54:56","modified_gmt":"2024-02-14T08:54:56","slug":"informacie-o-spracovani-osobnych-udajov","status":"publish","type":"page","link":"http:\/\/innovis.dev8.kancl.goodsailors.cz\/sk\/informacie-o-spracovani-osobnych-udajov\/","title":{"rendered":"Inform\u00e1cie o&nbsp;spracovan\u00ed osobn\u00fdch \u00fadajov"},"content":{"rendered":"\n<div class=\"section\">\n<div class=\"headline\"><h1>Inform\u00e1cie o&nbsp;spracovan\u00ed osobn\u00fdch \u00fadajov<\/h1><\/div>\n\n\n\n<p>pod\u013ea Nariadenia Eur\u00f3pskeho parlamentu a&nbsp;Rady (E\u00da) 2016\/679, v\u0161eobecn\u00e9 nariadenie o&nbsp;ochrane osobn\u00fdch \u00fadajov (\u010falej len \u201eGDPR\u201c)<\/p>\n\n\n\n<p>V\u00e1\u017een\u00ed n\u00e1v\u0161tevn\u00edci webov\u00fdch str\u00e1nok skupiny Mark2 Corporation (\u010falej len M2C), \u010fakujeme v\u00e1m za&nbsp;v\u00e1\u0161 z\u00e1ujem o&nbsp;na\u0161u \u010dinnos\u0165 a&nbsp;slu\u017eby. Pre&nbsp;zabezpe\u010denie va\u0161ej plnej informovanosti si v\u00e1m dovo\u013eujeme ozn\u00e1mi\u0165 inform\u00e1cie o&nbsp;\u00fadajoch, ktor\u00e9 s\u00fa pri va\u0161ej n\u00e1v\u0161teve na\u0161ich str\u00e1nok zhroma\u017e\u010fovan\u00e9 a&nbsp;k&nbsp;\u010domu a&nbsp;ak\u00fdm sp\u00f4sobom s\u00fa spracov\u00e1van\u00e9.<\/p>\n\n\n\n<h2 class=\"wp-block-heading\"><strong><strong>Z\u00e1kladn\u00e9 inform\u00e1cie o&nbsp;spracovan\u00ed osobn\u00fdch \u00fadajov<\/strong>:<\/strong><\/h2>\n\n\n\n<p>Spr\u00e1vcom osobn\u00fdch \u00fadajov z\u00edskan\u00fdch z&nbsp;va\u0161ej n\u00e1v\u0161tevy na&nbsp;na\u0161ich webov\u00fdch str\u00e1nkach sme my, spolo\u010dnos\u0165 Mark2 Corporation Czech a.s., I\u010cO: 257&nbsp;19&nbsp;751, so s\u00eddlom Pod&nbsp;vi\u0161\u0148ovkou 1622\/23, 140&nbsp;00 Praha 4. M\u00f4\u017eete n\u00e1s kontaktova\u0165 na&nbsp;adrese Mark2 Corporation Czech a.s., Vladislavova 17, 110&nbsp;00 Praha 1.<\/p>\n\n\n\n<p>Preto\u017ee to&nbsp;rozsah na\u0161ich in\u00fdch \u010dinnost\u00ed vy\u017eaduje, menovali sme tie\u017e poverenca pre&nbsp;ochranu osobn\u00fdch \u00fadajov. M\u00f4\u017eete ho tie\u017e vyu\u017ei\u0165:<br><em><em>Kontakt poverenca pre&nbsp;ochranu osobn\u00fdch \u00fadajov<\/em>:\u00a0<\/em><a href=\"https:\/\/web.archive.org\/web\/20230326092528\/mailto:cz.dpo@m2c.eu\" target=\"_blank\" rel=\"noopener\"><em>cz.dpo@m2c.eu<\/em><\/a><em>.<\/em><\/p>\n\n\n\n<p>Va\u0161e meno, adresa a&nbsp;in\u00e9 kontaktn\u00e9 \u00fadaje nie s\u00fa zaznamen\u00e1van\u00e9, pokia\u013e&nbsp;n\u00e1m ich sami neposkytnete prostredn\u00edctvom niektor\u00e9ho z&nbsp;formul\u00e1rov umiestnen\u00fdch na&nbsp;na\u0161ich webov\u00fdch str\u00e1nkach. Pri va\u0161ej n\u00e1v\u0161teve tak&nbsp;evidujeme najm\u00e4 nasleduj\u00face \u00fadaje:<\/p>\n\n\n\n<p>Pri va\u0161ej n\u00e1v\u0161teve na\u0161ich webov\u00fdch str\u00e1nok na\u0161e webov\u00e9 servery do\u010dasne ukladaj\u00fa d\u00e1ta pripojenia dotazuj\u00faceho sa zariadenia.<\/p>\n\n\n\n<ul class=\"wp-block-list\">\n<li>D\u00e1tum a&nbsp;\u010das va\u0161ej n\u00e1v\u0161tevy na\u0161ich webov\u00fdch str\u00e1nok,<\/li>\n\n\n\n<li>nav\u0161t\u00edven\u00e9 webov\u00e9 str\u00e1nky,<\/li>\n\n\n\n<li>inform\u00e1cie o&nbsp;type prehliada\u010da a&nbsp;opera\u010dn\u00e9ho syst\u00e9mu,<\/li>\n\n\n\n<li>webov\u00e9 str\u00e1nky, prostredn\u00edctvom ktor\u00fdch ste nav\u0161t\u00edvili na\u0161e webov\u00e9 str\u00e1nky.\u00a0<\/li>\n<\/ul>\n\n\n\n<p>V pr\u00edpadoch spracovania pomocou \u010fal\u0161\u00edch webov\u00fdch n\u00e1strojov m\u00f4\u017eu by\u0165&nbsp;spracov\u00e1van\u00e9 aj&nbsp;in\u00e9 \u00fadaje; ich rozsah je potom&nbsp;\u0161pecifikovan\u00fd u&nbsp;jednotliv\u00fdch inform\u00e1ci\u00ed k&nbsp;webov\u00e9mu n\u00e1stroju.<\/p>\n\n\n\n<p>Spracovanie z\u00edskan\u00fdch osobn\u00fdch \u00fadajov vykon\u00e1vame na&nbsp;z\u00e1klade nevyhnutnosti pre&nbsp;\u00fa\u010dely na\u0161ich opr\u00e1vnen\u00fdch z\u00e1ujmov, ktor\u00fdmi s\u00fa zabezpe\u010denie syst\u00e9mu, technick\u00e1 spr\u00e1va a&nbsp;optimaliz\u00e1cia chodu na\u0161ich webov\u00fdch str\u00e1nok a&nbsp;ich vyh\u013ead\u00e1vanie a&nbsp;tie\u017e na&nbsp;z\u00e1klade v\u00e1\u0161ho s\u00fahlasu vypl\u00fdvaj\u00faceho z&nbsp;nastavenia v\u00e1\u0161ho prehliada\u010da pre&nbsp;\u00fa\u010dely pokro\u010dilej\u0161ej ponuky na\u0161ich slu\u017eieb a&nbsp;vyhodnocovania \u0161tatist\u00edk n\u00e1v\u0161tevnosti.\u00a0 \u00a0<\/p>\n\n\n\n<p>D\u013a\u017eka uchov\u00e1vania osobn\u00fdch \u00fadajov generovan\u00fdch pri n\u00e1v\u0161teve je ur\u010dovan\u00e1 jednotliv\u00fdmi \u00fa\u010delmi ich spracovania, jedn\u00e1 sa v\u0161ak&nbsp;v\u017edy iba o&nbsp;dobu nevyhnutne nutn\u00fa. \u00a0<\/p>\n\n\n\n<p>Osobn\u00e9 \u00fadaje nepred\u00e1vame do&nbsp;tret\u00edch kraj\u00edn ani&nbsp;\u010fal\u0161\u00edm pr\u00edjemcom, okrem&nbsp;na\u0161ich extern\u00fdch spracovate\u013eov, ktor\u00fdch pou\u017e\u00edvame pre&nbsp;zabezpe\u010denie syst\u00e9mu, technickej spr\u00e1vy a&nbsp;chodu na\u0161ich webov\u00fdch str\u00e1nok a&nbsp;online reklamy. T\u00fdchto spracovate\u013eov zav\u00e4zujeme, aby&nbsp;dodr\u017eiavali v\u0161etky pravidl\u00e1 spracovania osobn\u00fdch \u00fadajov a&nbsp;zachov\u00e1vali ml\u010danlivos\u0165.<\/p>\n\n\n\n<h2 class=\"wp-block-heading\"><strong><strong>Va\u0161e pr\u00e1va ako&nbsp;subjektu \u00fadajov<\/strong><\/strong><\/h2>\n\n\n\n<p>Jako subjekt \u00fadajov m\u00e1te pr\u00e1vo na&nbsp;pr\u00edstup k&nbsp;osobn\u00fdm \u00fadajom, ktor\u00e9 sa v\u00e1s t\u00fdkaj\u00fa, a&nbsp;ktor\u00e9 s\u00fa nami, ako&nbsp;spr\u00e1vcom, spracov\u00e1van\u00e9. M\u00e1te pr\u00e1vo po\u017eiada\u0165 o&nbsp;ich opravu, poda\u0165 n\u00e1mietku proti&nbsp;spracovaniu alebo&nbsp;po\u017eiada\u0165 o&nbsp;obmedzenie spracovania, ak&nbsp;zist\u00edte, \u017ee&nbsp;s\u00fa tieto \u00fadaje nespr\u00e1vne alebo&nbsp;s\u00fa spracov\u00e1van\u00e9 v&nbsp;rozpore s&nbsp;pr\u00e1vnymi predpismi. V&nbsp;niektor\u00fdch pr\u00edpadoch m\u00f4\u017eete tie\u017e od&nbsp;n\u00e1s \u017eiada\u0165 osobn\u00e9 \u00fadaje vo \u0161trukt\u00farovanom, be\u017ene pou\u017e\u00edvanom a&nbsp;strojovo \u010ditate\u013enom form\u00e1te a&nbsp;ich predanie in\u00e9mu spr\u00e1vcovi. M\u00e1te pr\u00e1vo neby\u0165 predmetom rozhodnutia zalo\u017een\u00e9ho v\u00fdhradne na&nbsp;automatizovanom rozhodnut\u00ed bez&nbsp;\u010dinnosti \u010dloveka. V\u0161etky svoje pr\u00e1va m\u00f4\u017eete uplatni\u0165 u&nbsp;poverenca pre&nbsp;ochranu osobn\u00fdch \u00fadajov na&nbsp;vy\u0161\u0161ie uvedenej emailovej adrese alebo&nbsp;p\u00edsomne na&nbsp;na\u0161ej kontaktn\u00fa adrese spr\u00e1vcu.<\/p>\n\n\n\n<p>Pri spracovan\u00ed v\u0161etk\u00fdch vy\u0161\u0161ie uveden\u00fdch osobn\u00fdch \u00fadajov v\u017edy db\u00e1me na&nbsp;to, aby&nbsp;sme dodr\u017eiavali z\u00e1kladn\u00e9 z\u00e1sady pod\u013ea&nbsp;\u010dl. 6 GDPR. Zabezpe\u010denie osobn\u00fdch \u00fadajov je zaru\u010den\u00e9 organiza\u010dn\u00fdmi a&nbsp;technick\u00fdmi opatreniami prijat\u00fdmi v&nbsp;s\u00falade s&nbsp;pr\u00e1vnymi predpismi tak, aby&nbsp;sme zabezpe\u010dili, \u017ee&nbsp;ned\u00f4jde k&nbsp;n\u00e1hodn\u00e9mu alebo&nbsp;protipr\u00e1vnemu zni\u010deniu, strate, zmeneniu, neopr\u00e1vnen\u00e9mu spr\u00edstupneniu pren\u00e1\u0161an\u00fdch, ulo\u017een\u00fdch alebo&nbsp;inak spracov\u00e1van\u00fdch osobn\u00fdch \u00fadajov alebo&nbsp;k&nbsp;neopr\u00e1vnen\u00e9mu pr\u00edstupu k&nbsp;nim. V\u0161etci na\u0161i zamestnanci s\u00fa viazan\u00ed ml\u010danlivos\u0165ou oh\u013eadom skuto\u010dnost\u00ed, ktor\u00e9 pri svojej pr\u00e1ci zistia. Webov\u00e9 str\u00e1nky vyu\u017e\u00edvaj\u00fa zabezpe\u010den\u00fa komunik\u00e1ciu (protokol HTTPS).<\/p>\n\n\n\n<p>V pr\u00edpade, ke\u010f sa domnievate, \u017ee&nbsp;spracovan\u00edm osobn\u00fdch \u00fadajov doch\u00e1dza k&nbsp;poru\u0161eniu GDPR, m\u00e1te pr\u00e1vo poda\u0165 s\u0165a\u017enos\u0165 u&nbsp;\u00daradu pre&nbsp;ochranu osobn\u00fdch \u00fadajov na&nbsp;adrese Pplk. Sochora 27, 170&nbsp;00 Praha 7, \u010cesk\u00e1 republika.<\/p>\n\n\n\n<h2 class=\"wp-block-heading\"><strong><strong>Pou\u017eitie Cookies<\/strong><\/strong><\/h2>\n\n\n\n<p>Na\u0161e webov\u00e9 str\u00e1nky vyu\u017e\u00edvaj\u00fa s\u00fabory Cookies, ktor\u00e9 s\u00fa mal\u00e9 textov\u00e9 s\u00fabory, ktor\u00e9 niektor\u00e9 webov\u00e9 str\u00e1nky ukladaj\u00fa na&nbsp;va\u0161om po\u010d\u00edta\u010di. \u00da\u010delom umiestnenia s\u00faborov cookies na&nbsp;na\u0161ej webovej str\u00e1nke je vylep\u0161i\u0165 mo\u017enosti vyu\u017e\u00edvania na\u0161ich webov\u00fdch str\u00e1nok, zv\u00fd\u0161enie u\u017e\u00edvate\u013esk\u00e9ho komfortu a&nbsp;efekt\u00edvnosti, teda v\u00fdsledkom V\u00e1m poskytn\u00fa\u0165 optim\u00e1lnu mo\u017enos\u0165 vyu\u017e\u00edvania na\u0161ich webov\u00fdch str\u00e1nok. Obsah s\u00faboru cookies je obmedzen\u00fd na&nbsp;identifika\u010dn\u00e9 \u010d\u00edslo; Osobn\u00e9 \u00fadaje ako&nbsp;Va\u0161e meno, adresa IP at\u010f. nebud\u00fa jeho prostredn\u00edctvom ukladan\u00e9.<\/p>\n\n\n\n<p>Vyu\u017e\u00edvanie na\u0161ich webov\u00fdch str\u00e1nok je mo\u017en\u00e9 aj&nbsp;bez&nbsp;s\u00faborov cookies ich zak\u00e1zan\u00edm prostredn\u00edctvom V\u00e1\u0161ho prehliada\u010da, obmedzen\u00edm cookies len na&nbsp;ur\u010dit\u00e9 webov\u00e9 str\u00e1nky alebo&nbsp;prostredn\u00edctvom upozornenia na&nbsp;odosielanie s\u00faboru cookies. S\u00fabory cookies je mo\u017en\u00e9 tie\u017e z&nbsp;V\u00e1\u0161ho po\u010d\u00edta\u010da \u010di&nbsp;in\u00e9ho koncov\u00e9ho zariadenia vymaza\u0165. Pri obmedzen\u00ed vyu\u017e\u00edvania cookies na\u0161imi webov\u00fdmi str\u00e1nkami je v\u0161ak&nbsp;nutn\u00e9 o\u010dak\u00e1va\u0165 obmedzen\u00fa prezent\u00e1ciu str\u00e1nky a&nbsp;obmedzenie pokynov pre&nbsp;u\u017e\u00edvate\u013ea.<\/p>\n\n\n\n<h2 class=\"wp-block-heading\"><strong><strong>Odkazy na&nbsp;soci\u00e1lne siete<\/strong><\/strong><\/h2>\n\n\n\n<p>Vyu\u017eit\u00edm odkazu na&nbsp;soci\u00e1lne siete \u2013 napr. Facebook, Twitter, Google Plus&nbsp;at\u010f. \u2013 poskytujete poskytovate\u013eom t\u00fdchto soci\u00e1lnych siet\u00ed svoje osobn\u00e9 \u00fadaje (niektor\u00ed poskytovatelia s\u00eddlia aj&nbsp;v&nbsp;tret\u00edch krajin\u00e1ch, napr. USA). Na&nbsp;na\u0161ich webov\u00fdch str\u00e1nkach nedoch\u00e1dza k&nbsp;\u017eiadnej interakcii s&nbsp;t\u00fdmito soci\u00e1lnymi sie\u0165ami a&nbsp;pou\u017eit\u00e9 piktogramy sl\u00fa\u017eia iba ako&nbsp;odkazy u\u013eah\u010duj\u00face pr\u00edstup na&nbsp;na\u0161e profily.\u00a0<\/p>\n\n\n\n<h2 class=\"wp-block-heading\"><strong><strong>Odkazy na&nbsp;webov\u00e9 str\u00e1nky tret\u00edch os\u00f4b<\/strong><\/strong><\/h2>\n\n\n\n<p>Na na\u0161ich str\u00e1nkach sa m\u00f4\u017eu vyskytova\u0165 odkazy na&nbsp;webov\u00e9 str\u00e1nky tret\u00edch os\u00f4b. Napriek&nbsp;tomu, \u017ee&nbsp;tieto webov\u00e9 str\u00e1nky boli pred&nbsp;umiestnen\u00edm odkazu na&nbsp;ne d\u00f4kladne preveren\u00e9, nem\u00e1 M2C vplyv na&nbsp;obsah t\u00fdchto str\u00e1nok a&nbsp;nie je mo\u017en\u00e9 vyl\u00fa\u010di\u0165, \u017ee&nbsp;ned\u00f4jde ku&nbsp;zmene ich obsahu.<\/p>\n\n\n\n<p>Vyu\u017eit\u00edm odkazu na&nbsp;webov\u00e9 str\u00e1nky tret\u00edch os\u00f4b m\u00f4\u017ee d\u00f4js\u0165 k&nbsp;poskytnutiu Va\u0161ich osobn\u00fdch \u00fadajov prev\u00e1dzkovate\u013eovi takej webovej str\u00e1nky. M2C nem\u00e1 vplyv na&nbsp;tak\u00e9to zhroma\u017e\u010fovanie osobn\u00fdch \u00fadajov na&nbsp;webov\u00fdch str\u00e1nkach tret\u00edch os\u00f4b a&nbsp;nem\u00f4\u017ee tak&nbsp;garantova\u0165 z\u00e1konnos\u0165 spracovania osobn\u00fdch \u00fadajov na&nbsp;tak\u00fdch webov\u00fdch str\u00e1nkach.<\/p>\n\n\n\n<h2 class=\"wp-block-heading\"><strong>Google Analytics<\/strong><\/h2>\n\n\n\n<p>Na\u0161e str\u00e1nky tie\u017e vyu\u017e\u00edvaj\u00fa slu\u017eby Google Analytics, ktor\u00e9 v\u0161ak&nbsp;rovnako priamo nepou\u017e\u00edvaj\u00fa va\u0161e osobn\u00e9 \u00fadaje. Viac inform\u00e1ci\u00ed oh\u013eadom tejto slu\u017eby a&nbsp;mo\u017enosti nastavenia n\u00e1jdete na\u00a0<a href=\"https:\/\/web.archive.org\/web\/20230326092528\/https:\/\/support.google.com\/analytics\/answer\/6004245?hl=cs&amp;ref_topic=2919631\" target=\"_blank\" rel=\"noreferrer noopener\">https:\/\/support.google.com\/analytics\/answer\/6004245?hl=cs&amp;ref_topic=2919631<\/a><\/p>\n\n\n\n<h2 class=\"wp-block-heading\"><strong>Retargeting<\/strong><\/h2>\n\n\n\n<p>Na\u0161e webov\u00e9 str\u00e1nky vyu\u017e\u00edvaj\u00fa technol\u00f3gie retargetingu od&nbsp;slu\u017eby Sklik prev\u00e1dzkovanej spolo\u010dnos\u0165ou Seznam.cz, a.s. T\u00e1to slu\u017eba n\u00e1m umo\u017e\u0148uje zobrazova\u0165 reklamy n\u00e1v\u0161tevn\u00edkom, ktor\u00ed u\u017e prejavili z\u00e1ujem o&nbsp;na\u0161e produkty, v&nbsp;reklamnej sieti spolo\u010dnosti Seznam.cz, a.s. Pod\u013ea&nbsp;spolo\u010dnosti Seznam.cz, a.s. v&nbsp;tomto procese nie s\u00fa zhroma\u017e\u010fovan\u00e9 \u017eiadne osobn\u00e9 \u00fadaje. Viac inform\u00e1ci\u00ed n\u00e1jdete tu\u00a0<a href=\"https:\/\/web.archive.org\/web\/20230326092528\/http:\/\/www.imedia.cz\/\" target=\"_blank\" rel=\"noreferrer noopener\">http:\/\/www.imedia.cz\/<\/a><br>Viac inform\u00e1ci\u00ed a&nbsp;mo\u017enost\u00ed, ako&nbsp;neby\u0165 s\u00fa\u010das\u0165ou behavior\u00e1lnej reklamy, n\u00e1jdete tie\u017e na\u00a0<a href=\"https:\/\/web.archive.org\/web\/20230326092528\/http:\/\/www.youronlinechoices.com\/\" target=\"_blank\" rel=\"noreferrer noopener\">http:\/\/www.youronlinechoices.com\/<\/a>.<\/p>\n\n\n\n<div style=\"height:100px\" aria-hidden=\"true\" class=\"wp-block-spacer\"><\/div>\n<\/div>\n","protected":false},"excerpt":{"rendered":"","protected":false},"author":7,"featured_media":0,"parent":0,"menu_order":0,"comment_status":"closed","ping_status":"open","template":"","meta":{"_acf_changed":false,"inline_featured_image":false,"footnotes":""},"class_list":["post-6144","page","type-page","status-publish","hentry"],"acf":[],"rankMath":{"parentDomain":"kancl.goodsailors.cz","noFollowDomains":[],"noFollowExcludeDomains":[],"noFollowExternalLinks":false,"featuredImageNotice":"The featured image should be at least 200 by 200 pixels to be picked up by Facebook and other social media sites.","pluginReviewed":false,"postSettings":{"linkSuggestions":true,"useFocusKeyword":false},"frontEndScore":false,"postName":"informacie-o-spracovani-osobnych-udajov","permalinkFormat":"http:\/\/innovis.dev8.kancl.goodsailors.cz\/sk\/%pagename%\/","showLockModifiedDate":true,"assessor":{"focusKeywordLink":"http:\/\/innovis.dev8.kancl.goodsailors.cz\/wp-admin\/edit.php?focus_keyword=%focus_keyword%&post_type=%post_type%","hasTOCPlugin":false,"primaryTaxonomy":false,"serpData":{"title":"","description":"","focusKeywords":"","pillarContent":false,"canonicalUrl":"","breadcrumbTitle":"","advancedRobots":[],"facebookTitle":"","facebookDescription":"","facebookImage":"","facebookImageID":"","facebookHasOverlay":false,"facebookImageOverlay":"","facebookAuthor":"","twitterCardType":"","twitterUseFacebook":true,"twitterTitle":"","twitterDescription":"","twitterImage":"","twitterImageID":"","twitterHasOverlay":false,"twitterImageOverlay":"","twitterPlayerUrl":"","twitterPlayerSize":"","twitterPlayerStream":"","twitterPlayerStreamCtype":"","twitterAppDescription":"","twitterAppIphoneName":"","twitterAppIphoneID":"","twitterAppIphoneUrl":"","twitterAppIpadName":"","twitterAppIpadID":"","twitterAppIpadUrl":"","twitterAppGoogleplayName":"","twitterAppGoogleplayID":"","twitterAppGoogleplayUrl":"","twitterAppCountry":"","robots":{"index":true},"twitterAuthor":"username","primaryTerm":0,"authorName":"Filip Molcan","titleTemplate":"%title% %sep% %sitename%","descriptionTemplate":"%excerpt%","showScoreFrontend":true,"lockModifiedDate":false},"powerWords":[],"diacritics":{"A":"[\\u0041\\u24B6\\uFF21\\u00C0\\u00C1\\u00C2\\u1EA6\\u1EA4\\u1EAA\\u1EA8\\u00C3\\u0100\\u0102\\u1EB0\\u1EAE\\u1EB4\\u1EB2\\u0226\\u01E0\\u00C4\\u01DE\\u1EA2\\u00C5\\u01FA\\u01CD\\u0200\\u0202\\u1EA0\\u1EAC\\u1EB6\\u1E00\\u0104\\u023A\\u2C6F]","AA":"[\\uA732]","AE":"[\\u00C6\\u01FC\\u01E2]","AO":"[\\uA734]","AU":"[\\uA736]","AV":"[\\uA738\\uA73A]","AY":"[\\uA73C]","B":"[\\u0042\\u24B7\\uFF22\\u1E02\\u1E04\\u1E06\\u0243\\u0182\\u0181]","C":"[\\u0043\\u24B8\\uFF23\\u0106\\u0108\\u010A\\u010C\\u00C7\\u1E08\\u0187\\u023B\\uA73E]","D":"[\\u0044\\u24B9\\uFF24\\u1E0A\\u010E\\u1E0C\\u1E10\\u1E12\\u1E0E\\u0110\\u018B\\u018A\\u0189\\uA779]","DZ":"[\\u01F1\\u01C4]","Dz":"[\\u01F2\\u01C5]","E":"[\\u0045\\u24BA\\uFF25\\u00C8\\u00C9\\u00CA\\u1EC0\\u1EBE\\u1EC4\\u1EC2\\u1EBC\\u0112\\u1E14\\u1E16\\u0114\\u0116\\u00CB\\u1EBA\\u011A\\u0204\\u0206\\u1EB8\\u1EC6\\u0228\\u1E1C\\u0118\\u1E18\\u1E1A\\u0190\\u018E]","F":"[\\u0046\\u24BB\\uFF26\\u1E1E\\u0191\\uA77B]","G":"[\\u0047\\u24BC\\uFF27\\u01F4\\u011C\\u1E20\\u011E\\u0120\\u01E6\\u0122\\u01E4\\u0193\\uA7A0\\uA77D\\uA77E]","H":"[\\u0048\\u24BD\\uFF28\\u0124\\u1E22\\u1E26\\u021E\\u1E24\\u1E28\\u1E2A\\u0126\\u2C67\\u2C75\\uA78D]","I":"[\\u0049\\u24BE\\uFF29\\u00CC\\u00CD\\u00CE\\u0128\\u012A\\u012C\\u0130\\u00CF\\u1E2E\\u1EC8\\u01CF\\u0208\\u020A\\u1ECA\\u012E\\u1E2C\\u0197]","J":"[\\u004A\\u24BF\\uFF2A\\u0134\\u0248]","K":"[\\u004B\\u24C0\\uFF2B\\u1E30\\u01E8\\u1E32\\u0136\\u1E34\\u0198\\u2C69\\uA740\\uA742\\uA744\\uA7A2]","L":"[\\u004C\\u24C1\\uFF2C\\u013F\\u0139\\u013D\\u1E36\\u1E38\\u013B\\u1E3C\\u1E3A\\u0141\\u023D\\u2C62\\u2C60\\uA748\\uA746\\uA780]","LJ":"[\\u01C7]","Lj":"[\\u01C8]","M":"[\\u004D\\u24C2\\uFF2D\\u1E3E\\u1E40\\u1E42\\u2C6E\\u019C]","N":"[\\u004E\\u24C3\\uFF2E\\u01F8\\u0143\\u00D1\\u1E44\\u0147\\u1E46\\u0145\\u1E4A\\u1E48\\u0220\\u019D\\uA790\\uA7A4]","NJ":"[\\u01CA]","Nj":"[\\u01CB]","O":"[\\u004F\\u24C4\\uFF2F\\u00D2\\u00D3\\u00D4\\u1ED2\\u1ED0\\u1ED6\\u1ED4\\u00D5\\u1E4C\\u022C\\u1E4E\\u014C\\u1E50\\u1E52\\u014E\\u022E\\u0230\\u00D6\\u022A\\u1ECE\\u0150\\u01D1\\u020C\\u020E\\u01A0\\u1EDC\\u1EDA\\u1EE0\\u1EDE\\u1EE2\\u1ECC\\u1ED8\\u01EA\\u01EC\\u00D8\\u01FE\\u0186\\u019F\\uA74A\\uA74C]","OI":"[\\u01A2]","OO":"[\\uA74E]","OU":"[\\u0222]","P":"[\\u0050\\u24C5\\uFF30\\u1E54\\u1E56\\u01A4\\u2C63\\uA750\\uA752\\uA754]","Q":"[\\u0051\\u24C6\\uFF31\\uA756\\uA758\\u024A]","R":"[\\u0052\\u24C7\\uFF32\\u0154\\u1E58\\u0158\\u0210\\u0212\\u1E5A\\u1E5C\\u0156\\u1E5E\\u024C\\u2C64\\uA75A\\uA7A6\\uA782]","S":"[\\u0053\\u24C8\\uFF33\\u1E9E\\u015A\\u1E64\\u015C\\u1E60\\u0160\\u1E66\\u1E62\\u1E68\\u0218\\u015E\\u2C7E\\uA7A8\\uA784]","T":"[\\u0054\\u24C9\\uFF34\\u1E6A\\u0164\\u1E6C\\u021A\\u0162\\u1E70\\u1E6E\\u0166\\u01AC\\u01AE\\u023E\\uA786]","TZ":"[\\uA728]","U":"[\\u0055\\u24CA\\uFF35\\u00D9\\u00DA\\u00DB\\u0168\\u1E78\\u016A\\u1E7A\\u016C\\u00DC\\u01DB\\u01D7\\u01D5\\u01D9\\u1EE6\\u016E\\u0170\\u01D3\\u0214\\u0216\\u01AF\\u1EEA\\u1EE8\\u1EEE\\u1EEC\\u1EF0\\u1EE4\\u1E72\\u0172\\u1E76\\u1E74\\u0244]","V":"[\\u0056\\u24CB\\uFF36\\u1E7C\\u1E7E\\u01B2\\uA75E\\u0245]","VY":"[\\uA760]","W":"[\\u0057\\u24CC\\uFF37\\u1E80\\u1E82\\u0174\\u1E86\\u1E84\\u1E88\\u2C72]","X":"[\\u0058\\u24CD\\uFF38\\u1E8A\\u1E8C]","Y":"[\\u0059\\u24CE\\uFF39\\u1EF2\\u00DD\\u0176\\u1EF8\\u0232\\u1E8E\\u0178\\u1EF6\\u1EF4\\u01B3\\u024E\\u1EFE]","Z":"[\\u005A\\u24CF\\uFF3A\\u0179\\u1E90\\u017B\\u017D\\u1E92\\u1E94\\u01B5\\u0224\\u2C7F\\u2C6B\\uA762]","a":"[\\u0061\\u24D0\\uFF41\\u1E9A\\u00E0\\u00E1\\u00E2\\u1EA7\\u1EA5\\u1EAB\\u1EA9\\u00E3\\u0101\\u0103\\u1EB1\\u1EAF\\u1EB5\\u1EB3\\u0227\\u01E1\\u00E4\\u01DF\\u1EA3\\u00E5\\u01FB\\u01CE\\u0201\\u0203\\u1EA1\\u1EAD\\u1EB7\\u1E01\\u0105\\u2C65\\u0250]","aa":"[\\uA733]","ae":"[\\u00E6\\u01FD\\u01E3]","ao":"[\\uA735]","au":"[\\uA737]","av":"[\\uA739\\uA73B]","ay":"[\\uA73D]","b":"[\\u0062\\u24D1\\uFF42\\u1E03\\u1E05\\u1E07\\u0180\\u0183\\u0253]","c":"[\\u0063\\u24D2\\uFF43\\u0107\\u0109\\u010B\\u010D\\u00E7\\u1E09\\u0188\\u023C\\uA73F\\u2184]","d":"[\\u0064\\u24D3\\uFF44\\u1E0B\\u010F\\u1E0D\\u1E11\\u1E13\\u1E0F\\u0111\\u018C\\u0256\\u0257\\uA77A]","dz":"[\\u01F3\\u01C6]","e":"[\\u0065\\u24D4\\uFF45\\u00E8\\u00E9\\u00EA\\u1EC1\\u1EBF\\u1EC5\\u1EC3\\u1EBD\\u0113\\u1E15\\u1E17\\u0115\\u0117\\u00EB\\u1EBB\\u011B\\u0205\\u0207\\u1EB9\\u1EC7\\u0229\\u1E1D\\u0119\\u1E19\\u1E1B\\u0247\\u025B\\u01DD]","f":"[\\u0066\\u24D5\\uFF46\\u1E1F\\u0192\\uA77C]","g":"[\\u0067\\u24D6\\uFF47\\u01F5\\u011D\\u1E21\\u011F\\u0121\\u01E7\\u0123\\u01E5\\u0260\\uA7A1\\u1D79\\uA77F]","h":"[\\u0068\\u24D7\\uFF48\\u0125\\u1E23\\u1E27\\u021F\\u1E25\\u1E29\\u1E2B\\u1E96\\u0127\\u2C68\\u2C76\\u0265]","hv":"[\\u0195]","i":"[\\u0069\\u24D8\\uFF49\\u00EC\\u00ED\\u00EE\\u0129\\u012B\\u012D\\u00EF\\u1E2F\\u1EC9\\u01D0\\u0209\\u020B\\u1ECB\\u012F\\u1E2D\\u0268\\u0131]","j":"[\\u006A\\u24D9\\uFF4A\\u0135\\u01F0\\u0249]","k":"[\\u006B\\u24DA\\uFF4B\\u1E31\\u01E9\\u1E33\\u0137\\u1E35\\u0199\\u2C6A\\uA741\\uA743\\uA745\\uA7A3]","l":"[\\u006C\\u24DB\\uFF4C\\u0140\\u013A\\u013E\\u1E37\\u1E39\\u013C\\u1E3D\\u1E3B\\u017F\\u0142\\u019A\\u026B\\u2C61\\uA749\\uA781\\uA747]","lj":"[\\u01C9]","m":"[\\u006D\\u24DC\\uFF4D\\u1E3F\\u1E41\\u1E43\\u0271\\u026F]","n":"[\\u006E\\u24DD\\uFF4E\\u01F9\\u0144\\u00F1\\u1E45\\u0148\\u1E47\\u0146\\u1E4B\\u1E49\\u019E\\u0272\\u0149\\uA791\\uA7A5]","nj":"[\\u01CC]","o":"[\\u006F\\u24DE\\uFF4F\\u00F2\\u00F3\\u00F4\\u1ED3\\u1ED1\\u1ED7\\u1ED5\\u00F5\\u1E4D\\u022D\\u1E4F\\u014D\\u1E51\\u1E53\\u014F\\u022F\\u0231\\u00F6\\u022B\\u1ECF\\u0151\\u01D2\\u020D\\u020F\\u01A1\\u1EDD\\u1EDB\\u1EE1\\u1EDF\\u1EE3\\u1ECD\\u1ED9\\u01EB\\u01ED\\u00F8\\u01FF\\u0254\\uA74B\\uA74D\\u0275]","oi":"[\\u01A3]","ou":"[\\u0223]","oo":"[\\uA74F]","p":"[\\u0070\\u24DF\\uFF50\\u1E55\\u1E57\\u01A5\\u1D7D\\uA751\\uA753\\uA755]","q":"[\\u0071\\u24E0\\uFF51\\u024B\\uA757\\uA759]","r":"[\\u0072\\u24E1\\uFF52\\u0155\\u1E59\\u0159\\u0211\\u0213\\u1E5B\\u1E5D\\u0157\\u1E5F\\u024D\\u027D\\uA75B\\uA7A7\\uA783]","s":"[\\u0073\\u24E2\\uFF53\\u015B\\u1E65\\u015D\\u1E61\\u0161\\u1E67\\u1E63\\u1E69\\u0219\\u015F\\u023F\\uA7A9\\uA785\\u1E9B]","ss":"[\\u00DF]","t":"[\\u0074\\u24E3\\uFF54\\u1E6B\\u1E97\\u0165\\u1E6D\\u021B\\u0163\\u1E71\\u1E6F\\u0167\\u01AD\\u0288\\u2C66\\uA787]","tz":"[\\uA729]","u":"[\\u0075\\u24E4\\uFF55\\u00F9\\u00FA\\u00FB\\u0169\\u1E79\\u016B\\u1E7B\\u016D\\u00FC\\u01DC\\u01D8\\u01D6\\u01DA\\u1EE7\\u016F\\u0171\\u01D4\\u0215\\u0217\\u01B0\\u1EEB\\u1EE9\\u1EEF\\u1EED\\u1EF1\\u1EE5\\u1E73\\u0173\\u1E77\\u1E75\\u0289]","v":"[\\u0076\\u24E5\\uFF56\\u1E7D\\u1E7F\\u028B\\uA75F\\u028C]","vy":"[\\uA761]","w":"[\\u0077\\u24E6\\uFF57\\u1E81\\u1E83\\u0175\\u1E87\\u1E85\\u1E98\\u1E89\\u2C73]","x":"[\\u0078\\u24E7\\uFF58\\u1E8B\\u1E8D]","y":"[\\u0079\\u24E8\\uFF59\\u1EF3\\u00FD\\u0177\\u1EF9\\u0233\\u1E8F\\u00FF\\u1EF7\\u1E99\\u1EF5\\u01B4\\u024F\\u1EFF]","z":"[\\u007A\\u24E9\\uFF5A\\u017A\\u1E91\\u017C\\u017E\\u1E93\\u1E95\\u01B6\\u0225\\u0240\\u2C6C\\uA763]"},"researchesTests":["contentHasTOC","contentHasShortParagraphs","contentHasAssets","keywordInTitle","keywordInMetaDescription","keywordInPermalink","keywordIn10Percent","keywordInContent","keywordInSubheadings","keywordInImageAlt","keywordDensity","keywordNotUsed","lengthContent","lengthPermalink","linksHasInternal","linksHasExternals","linksNotAllExternals","titleStartWithKeyword","titleSentiment","titleHasPowerWords","titleHasNumber","hasContentAI"],"hasRedirection":false,"hasBreadcrumb":false},"homeUrl":"http:\/\/innovis.dev8.kancl.goodsailors.cz\/sk\/","objectID":6144,"objectType":"post","locale":"sk","localeFull":"sk_SK","overlayImages":{"play":{"name":"Play icon","url":"http:\/\/innovis.dev8.kancl.goodsailors.cz\/wp-content\/plugins\/seo-by-rank-math\/assets\/admin\/img\/icon-play.png","path":"\/var\/www\/html\/innovis-ai\/wp-content\/plugins\/seo-by-rank-math\/assets\/admin\/img\/icon-play.png","position":"middle_center"},"gif":{"name":"GIF icon","url":"http:\/\/innovis.dev8.kancl.goodsailors.cz\/wp-content\/plugins\/seo-by-rank-math\/assets\/admin\/img\/icon-gif.png","path":"\/var\/www\/html\/innovis-ai\/wp-content\/plugins\/seo-by-rank-math\/assets\/admin\/img\/icon-gif.png","position":"middle_center"}},"defautOgImage":"http:\/\/innovis.dev8.kancl.goodsailors.cz\/wp-content\/plugins\/seo-by-rank-math\/assets\/admin\/img\/social-placeholder.jpg","customPermalinks":true,"isUserRegistered":false,"autoSuggestKeywords":false,"connectSiteUrl":"https:\/\/rankmath.com\/auth?site=http%3A%2F%2Finnovis.dev8.kancl.goodsailors.cz%2Fsk%2F&r=http%3A%2F%2Finnovis.dev8.kancl.goodsailors.cz%2Fsk%2Fwp-json%2Fwp%2Fv2%2Fpages%2F6144%3Fnonce%3D168ecf32f0","maxTags":5,"trendsIcon":"<svg viewBox=\"0 0 610 610\"><path d=\"M18.85,446,174.32,290.48l58.08,58.08L76.93,504a14.54,14.54,0,0,1-20.55,0L18.83,466.48a14.54,14.54,0,0,1,0-20.55Z\" style=\"fill:#4285f4\"\/><path d=\"M242.65,242.66,377.59,377.6l-47.75,47.75a14.54,14.54,0,0,1-20.55,0L174.37,290.43l47.75-47.75A14.52,14.52,0,0,1,242.65,242.66Z\" style=\"fill:#ea4335\"\/><polygon points=\"319.53 319.53 479.26 159.8 537.34 217.88 377.61 377.62 319.53 319.53\" style=\"fill:#fabb05\"\/><path d=\"M594.26,262.73V118.61h0a16.94,16.94,0,0,0-16.94-16.94H433.2a16.94,16.94,0,0,0-12,28.92L565.34,274.71h0a16.94,16.94,0,0,0,28.92-12Z\" style=\"fill:#34a853\"\/><rect width=\"610\" height=\"610\" style=\"fill:none\"\/><\/svg>","showScore":true,"siteFavIcon":"http:\/\/innovis.dev8.kancl.goodsailors.cz\/wp-content\/uploads\/2023\/04\/cropped-WordPress_sizing_512x512-32x32.png","canUser":{"general":false,"advanced":false,"snippet":false,"social":false,"analysis":false,"analytics":false,"content_ai":false},"isPro":false,"is_front_page":false,"trendsUpgradeLink":"https:\/\/rankmath.com\/pricing\/?utm_source=Plugin&utm_medium=CE%20General%20Tab%20Trends&utm_campaign=WP","trendsUpgradeLabel":"Upgrade","trendsPreviewImage":"http:\/\/innovis.dev8.kancl.goodsailors.cz\/wp-content\/plugins\/seo-by-rank-math\/assets\/admin\/img\/trends-preview.jpg","currentEditor":false,"homepageData":{"assessor":{"powerWords":[],"diacritics":true,"researchesTests":["contentHasTOC","contentHasShortParagraphs","contentHasAssets","keywordInTitle","keywordInMetaDescription","keywordInPermalink","keywordIn10Percent","keywordInContent","keywordInSubheadings","keywordInImageAlt","keywordDensity","keywordNotUsed","lengthContent","lengthPermalink","linksHasInternal","linksHasExternals","linksNotAllExternals","titleStartWithKeyword","titleSentiment","titleHasPowerWords","titleHasNumber","hasContentAI"],"hasBreadcrumb":false,"serpData":{"title":"%sitename% %page% %sep% %sitedesc%","description":"","titleTemplate":"%sitename% %page% %sep% %sitedesc%","descriptionTemplate":"","focusKeywords":"","breadcrumbTitle":"Home","robots":{"index":true},"advancedRobots":[],"facebookTitle":"","facebookDescription":"","facebookImage":"","facebookImageID":""}}},"tocTitle":"Table of Contents","tocExcludeHeadings":[],"listStyle":"ul"},"_links":{"self":[{"href":"http:\/\/innovis.dev8.kancl.goodsailors.cz\/sk\/wp-json\/wp\/v2\/pages\/6144","targetHints":{"allow":["GET"]}}],"collection":[{"href":"http:\/\/innovis.dev8.kancl.goodsailors.cz\/sk\/wp-json\/wp\/v2\/pages"}],"about":[{"href":"http:\/\/innovis.dev8.kancl.goodsailors.cz\/sk\/wp-json\/wp\/v2\/types\/page"}],"author":[{"embeddable":true,"href":"http:\/\/innovis.dev8.kancl.goodsailors.cz\/sk\/wp-json\/wp\/v2\/users\/7"}],"replies":[{"embeddable":true,"href":"http:\/\/innovis.dev8.kancl.goodsailors.cz\/sk\/wp-json\/wp\/v2\/comments?post=6144"}],"version-history":[{"count":1,"href":"http:\/\/innovis.dev8.kancl.goodsailors.cz\/sk\/wp-json\/wp\/v2\/pages\/6144\/revisions"}],"predecessor-version":[{"id":6145,"href":"http:\/\/innovis.dev8.kancl.goodsailors.cz\/sk\/wp-json\/wp\/v2\/pages\/6144\/revisions\/6145"}],"wp:attachment":[{"href":"http:\/\/innovis.dev8.kancl.goodsailors.cz\/sk\/wp-json\/wp\/v2\/media?parent=6144"}],"curies":[{"name":"wp","href":"https:\/\/api.w.org\/{rel}","templated":true}]}}